{"id":39,"date":"2025-04-10T21:56:54","date_gmt":"2025-04-10T21:56:54","guid":{"rendered":"http:\/\/zespolpromes.pl\/?page_id=39"},"modified":"2026-01-12T23:01:19","modified_gmt":"2026-01-12T23:01:19","slug":"ecliptica","status":"publish","type":"page","link":"https:\/\/zespolpromes.pl\/","title":{"rendered":"Front Page"},"content":{"rendered":"\t\t<div data-elementor-type=\"wp-page\" data-elementor-id=\"39\" class=\"elementor elementor-39\">\n\t\t\t\t<div class=\"elementor-element elementor-element-2b0fb082 e-flex e-con-boxed e-con e-parent\" data-id=\"2b0fb082\" data-element_type=\"container\" data-e-type=\"container\">\n\t\t\t\t\t<div class=\"e-con-inner\">\n\t\t\t\t\t<\/div>\n\t\t\t\t<\/div>\n\t\t<div class=\"elementor-element elementor-element-c0e0eec e-flex e-con-boxed e-con e-parent\" data-id=\"c0e0eec\" data-element_type=\"container\" data-e-type=\"container\">\n\t\t\t\t\t<div class=\"e-con-inner\">\n\t\t\t\t<div class=\"elementor-element elementor-element-26805e2 elementor-widget elementor-widget-text-editor\" data-id=\"26805e2\" data-element_type=\"widget\" data-e-type=\"widget\" data-widget_type=\"text-editor.default\">\n\t\t\t\t<div class=\"elementor-widget-container\">\n\t\t\t\t\t\t\t\t\t<p style=\"font-size: 29px; text-align: center; background-color: rgb(245, 250, 253);\">\n<\/p><h3>\n<\/h3>\n<h2>\n<\/h2>\n<h4 style=\"text-align: center;\"><font color=\"#2a2625\"><span style=\"font-size: 29px;\">O nas<\/span><\/font><\/h4>\n<h4 style=\"text-align: center;\"><font color=\"#2a2625\"><span style=\"font-size: 29px;\"><br><\/span><\/font><\/h4>\n<h4 style=\"text-align: center;\"><font color=\"#2a2625\"><span style=\"font-size: 29px;\">Zesp\u00f3\u0142 zosta\u0142 za\u0142o\u017cony w 2012 roku i od pocz\u0105tku dzia\u0142a\u0142 pod nazw\u0105 Live Band, jako zesp\u00f3\u0142 graj\u0105cy w stu procentach na \u017cywo, covery standard\u00f3w muzyki rozrywkowej.&nbsp;<\/span><\/font><span style=\"font-size: 29px; color: rgb(42, 38, 37);\">Specjalizowa\u0142 si\u0119 w oprawie muzycznej wesel, ale ch\u0119tnie te\u017c gra\u0142 na imprezach plenerowych, koncertach i innych imprezach okoliczno\u015bciowych. Pocz\u0105tkowy sk\u0142ad zespo\u0142u stanowi\u0142y cztery osoby. Na przestrzeni lat, sk\u0142ad si\u0119 zmienia\u0142 i do\u0142\u0105czali kolejni muzycy, a\u017c do roku 2025, kiedy to zesp\u00f3\u0142 liczy\u0142 ju\u017c siedem os\u00f3b i zmieni\u0142 nazw\u0119 na PROMES. Impulsem do zmiany nazwy, by\u0142 nowy rozdzia\u0142 w historii zespo\u0142u, poniewa\u017c rozpocz\u0119to nagrywanie w\u0142asnych, autorskich piosenek i realizacj\u0119 teledysk\u00f3w. Dlatego obok cover\u00f3w, znajdziecie tutaj nasze autorskie piosenki oraz teledyski. Na weselach niezmiennie gramy dla was w sze\u015bcioosobowym sk\u0142adzie, covery standard\u00f3w muzyki rozrywkowej, natomiast na koncertach, mo\u017cecie nas us\u0142ysze\u0107 w pe\u0142nym siedmioosobowym sk\u0142adzie, gdzie gramy dla was nasze autorskie piosenki. Gramy muzyk\u0119 z pogranicza disco, pop, rock i folk. Tak jak ka\u017cdy z nas jest inny, tak r\u00f3\u017cnorodne i odmienne s\u0105 nasze utwory. \u0141\u0105czymy style i mieszamy gatunki, dobrze si\u0119 przy tym bawi\u0105c.&nbsp;<\/span><\/h4>\n<h4 style=\"text-align: center;\"><font color=\"#2a2625\"><span style=\"font-size: 29px;\">Mamy nadziej\u0119, \u017ce i Wy b\u0119dzie si\u0119 dobrze bawi\u0107 razem z nami!<br>Do zobaczenia!<\/span><\/font><\/h4>\n<h4>\n<ul>\n<\/ul>\n<ul>\n<\/ul>\n<\/h4>\t\t\t\t\t\t\t\t<\/div>\n\t\t\t\t<\/div>\n\t\t\t\t\t<\/div>\n\t\t\t\t<\/div>\n\t\t<div class=\"elementor-element elementor-element-74b393e e-flex e-con-boxed e-con e-parent\" data-id=\"74b393e\" data-element_type=\"container\" data-e-type=\"container\">\n\t\t\t\t\t<div class=\"e-con-inner\">\n\t\t\t\t<div class=\"elementor-element elementor-element-8ccbe3a elementor-widget elementor-widget-image\" data-id=\"8ccbe3a\" data-element_type=\"widget\" data-e-type=\"widget\" data-widget_type=\"image.default\">\n\t\t\t\t<div class=\"elementor-widget-container\">\n\t\t\t\t\t\t\t\t\t\t\t\t\t\t\t<img fetchpriority=\"high\" decoding=\"async\" width=\"1024\" height=\"682\" src=\"https:\/\/zespolpromes.pl\/wp-content\/uploads\/2025\/11\/495160010_1464236104533368_3776214970647359720_n-1024x682.jpg\" class=\"attachment-large size-large wp-image-551\" alt=\"\" srcset=\"https:\/\/zespolpromes.pl\/wp-content\/uploads\/2025\/11\/495160010_1464236104533368_3776214970647359720_n-1024x682.jpg 1024w, https:\/\/zespolpromes.pl\/wp-content\/uploads\/2025\/11\/495160010_1464236104533368_3776214970647359720_n-300x200.jpg 300w, https:\/\/zespolpromes.pl\/wp-content\/uploads\/2025\/11\/495160010_1464236104533368_3776214970647359720_n-768x511.jpg 768w, https:\/\/zespolpromes.pl\/wp-content\/uploads\/2025\/11\/495160010_1464236104533368_3776214970647359720_n-1536x1022.jpg 1536w, https:\/\/zespolpromes.pl\/wp-content\/uploads\/2025\/11\/495160010_1464236104533368_3776214970647359720_n.jpg 2048w\" sizes=\"(max-width: 1024px) 100vw, 1024px\" \/>\t\t\t\t\t\t\t\t\t\t\t\t\t\t\t<\/div>\n\t\t\t\t<\/div>\n\t\t\t\t\t<\/div>\n\t\t\t\t<\/div>\n\t\t\t\t<\/div>\n\t\t","protected":false},"excerpt":{"rendered":"<p>O nas Zesp\u00f3\u0142 zosta\u0142 za\u0142o\u017cony w 2012 roku i od pocz\u0105tku dzia\u0142a\u0142 pod [&hellip;]<\/p>\n","protected":false},"author":1,"featured_media":0,"parent":0,"menu_order":0,"comment_status":"closed","ping_status":"closed","template":"page-templates\/homepage.php","meta":{"footnotes":""},"class_list":["post-39","page","type-page","status-publish","hentry"],"_links":{"self":[{"href":"https:\/\/zespolpromes.pl\/index.php?rest_route=\/wp\/v2\/pages\/39","targetHints":{"allow":["GET"]}}],"collection":[{"href":"https:\/\/zespolpromes.pl\/index.php?rest_route=\/wp\/v2\/pages"}],"about":[{"href":"https:\/\/zespolpromes.pl\/index.php?rest_route=\/wp\/v2\/types\/page"}],"author":[{"embeddable":true,"href":"https:\/\/zespolpromes.pl\/index.php?rest_route=\/wp\/v2\/users\/1"}],"replies":[{"embeddable":true,"href":"https:\/\/zespolpromes.pl\/index.php?rest_route=%2Fwp%2Fv2%2Fcomments&post=39"}],"version-history":[{"count":20,"href":"https:\/\/zespolpromes.pl\/index.php?rest_route=\/wp\/v2\/pages\/39\/revisions"}],"predecessor-version":[{"id":640,"href":"https:\/\/zespolpromes.pl\/index.php?rest_route=\/wp\/v2\/pages\/39\/revisions\/640"}],"wp:attachment":[{"href":"https:\/\/zespolpromes.pl\/index.php?rest_route=%2Fwp%2Fv2%2Fmedia&parent=39"}],"curies":[{"name":"wp","href":"https:\/\/api.w.org\/{rel}","templated":true}]}}