{"id":229,"date":"2025-04-11T07:22:09","date_gmt":"2025-04-11T07:22:09","guid":{"rendered":"http:\/\/zespolpromes.pl\/?page_id=229"},"modified":"2026-01-12T23:06:08","modified_gmt":"2026-01-12T23:06:08","slug":"kontakt","status":"publish","type":"page","link":"https:\/\/zespolpromes.pl\/?page_id=229","title":{"rendered":"Kontakt"},"content":{"rendered":"\t\t<div data-elementor-type=\"wp-post\" data-elementor-id=\"229\" class=\"elementor elementor-229\">\n\t\t\t\t<div class=\"elementor-element elementor-element-1ea993e e-con-full e-flex e-con e-parent\" data-id=\"1ea993e\" data-element_type=\"container\" data-e-type=\"container\">\n\t\t\t\t<div class=\"elementor-element elementor-element-e276ecf elementor-widget elementor-widget-text-editor\" data-id=\"e276ecf\" data-element_type=\"widget\" data-e-type=\"widget\" data-widget_type=\"text-editor.default\">\n\t\t\t\t<div class=\"elementor-widget-container\">\n\t\t\t\t\t\t\t\t\t<p>Chcesz nawi\u0105za\u0107 wsp\u00f3\u0142prac\u0119, zarezerwowa\u0107 nas na koncert lub masz pytania dotycz\u0105ce naszej muzyki?<br \/>Skontaktuj si\u0119 z naszym menad\u017cerem, kt\u00f3ry ch\u0119tnie udzieli Ci wszelkich informacji.<\/p><p><strong>Dane kontaktowe:<\/strong><\/p><p><strong>J\u00f3zef Bigus<\/strong><br \/>Menad\u017cer<br \/>tel. <a href=\"tel:+48693706582\" target=\"_blank\" rel=\"noopener\">693 706 582<\/a><br \/>e-mail: <a href=\"mailto:zespolpromes@wp.pl\">zespolpromes@wp.pl<\/a><\/p>\t\t\t\t\t\t\t\t<\/div>\n\t\t\t\t<\/div>\n\t\t\t\t<\/div>\n\t\t\t\t<\/div>\n\t\t","protected":false},"excerpt":{"rendered":"<p>Chcesz nawi\u0105za\u0107 wsp\u00f3\u0142prac\u0119, zarezerwowa\u0107 nas na koncert lub masz pytania dotycz\u0105ce naszej muzyki?Skontaktuj [&hellip;]<\/p>\n","protected":false},"author":1,"featured_media":0,"parent":0,"menu_order":0,"comment_status":"closed","ping_status":"closed","template":"","meta":{"footnotes":""},"class_list":["post-229","page","type-page","status-publish","hentry"],"_links":{"self":[{"href":"https:\/\/zespolpromes.pl\/index.php?rest_route=\/wp\/v2\/pages\/229","targetHints":{"allow":["GET"]}}],"collection":[{"href":"https:\/\/zespolpromes.pl\/index.php?rest_route=\/wp\/v2\/pages"}],"about":[{"href":"https:\/\/zespolpromes.pl\/index.php?rest_route=\/wp\/v2\/types\/page"}],"author":[{"embeddable":true,"href":"https:\/\/zespolpromes.pl\/index.php?rest_route=\/wp\/v2\/users\/1"}],"replies":[{"embeddable":true,"href":"https:\/\/zespolpromes.pl\/index.php?rest_route=%2Fwp%2Fv2%2Fcomments&post=229"}],"version-history":[{"count":16,"href":"https:\/\/zespolpromes.pl\/index.php?rest_route=\/wp\/v2\/pages\/229\/revisions"}],"predecessor-version":[{"id":656,"href":"https:\/\/zespolpromes.pl\/index.php?rest_route=\/wp\/v2\/pages\/229\/revisions\/656"}],"wp:attachment":[{"href":"https:\/\/zespolpromes.pl\/index.php?rest_route=%2Fwp%2Fv2%2Fmedia&parent=229"}],"curies":[{"name":"wp","href":"https:\/\/api.w.org\/{rel}","templated":true}]}}